{"id":9,"date":"2023-03-27T08:07:27","date_gmt":"2023-03-27T08:07:27","guid":{"rendered":"https:\/\/www.belleonbev.com\/?page_id=9"},"modified":"2026-01-30T15:44:50","modified_gmt":"2026-01-30T22:44:50","slug":"home","status":"publish","type":"page","link":"https:\/\/www.belleonbev.com\/es\/","title":{"rendered":"Inicio"},"content":{"rendered":"","protected":false},"excerpt":{"rendered":"","protected":false},"author":2,"featured_media":0,"parent":0,"menu_order":0,"comment_status":"closed","ping_status":"closed","template":"templates\/template-common-flexible.php","meta":{"inline_featured_image":false},"class_list":["post-9","page","type-page","status-publish","hentry"],"acf":[],"yoast_head":"<!-- This site is optimized with the Yoast SEO plugin v22.5 - https:\/\/yoast.com\/wordpress\/plugins\/seo\/ -->\n<title>Historic Filipinotown, CA Apartments | Belle on Bev | Home<\/title>\n<meta name=\"description\" content=\"Welcome to the glamorous Belle on Bev, our apartments for rent in Historic Filipinotown, LA, CA, where modern meets stylish art decorations. Book a private tour now!\" \/>\n<meta name=\"robots\" content=\"index, follow, max-snippet:-1, max-image-preview:large, max-video-preview:-1\" \/>\n<link rel=\"canonical\" href=\"https:\/\/www.belleonbev.com\/es\/\" \/>\n<meta property=\"og:locale\" content=\"es_MX\" \/>\n<meta property=\"og:type\" content=\"article\" \/>\n<meta property=\"og:title\" content=\"Historic Filipinotown, CA Apartments | Belle on Bev | Home\" \/>\n<meta property=\"og:description\" content=\"Welcome to the glamorous Belle on Bev, our apartments for rent in Historic Filipinotown, LA, CA, where modern meets stylish art decorations. Book a private tour now!\" \/>\n<meta property=\"og:url\" content=\"https:\/\/www.belleonbev.com\/es\/\" \/>\n<meta property=\"og:site_name\" content=\"Belle On Bev\" \/>\n<meta property=\"article:modified_time\" content=\"2026-01-30T22:44:50+00:00\" \/>\n<meta name=\"twitter:card\" content=\"summary_large_image\" \/>\n<script type=\"application\/ld+json\" class=\"yoast-schema-graph\">{\"@context\":\"https:\/\/schema.org\",\"@graph\":[{\"@type\":\"WebPage\",\"@id\":\"https:\/\/www.belleonbev.com\/\",\"url\":\"https:\/\/www.belleonbev.com\/\",\"name\":\"Historic Filipinotown, CA Apartments | Belle on Bev | Home\",\"isPartOf\":{\"@id\":\"https:\/\/www.belleonbev.com\/#website\"},\"datePublished\":\"2023-03-27T08:07:27+00:00\",\"dateModified\":\"2026-01-30T22:44:50+00:00\",\"description\":\"Welcome to the glamorous Belle on Bev, our apartments for rent in Historic Filipinotown, LA, CA, where modern meets stylish art decorations. Book a private tour now!\",\"breadcrumb\":{\"@id\":\"https:\/\/www.belleonbev.com\/#breadcrumb\"},\"inLanguage\":\"es\",\"potentialAction\":[{\"@type\":\"ReadAction\",\"target\":[\"https:\/\/www.belleonbev.com\/\"]}]},{\"@type\":\"BreadcrumbList\",\"@id\":\"https:\/\/www.belleonbev.com\/#breadcrumb\",\"itemListElement\":[{\"@type\":\"ListItem\",\"position\":1,\"name\":\"Home\",\"item\":\"https:\/\/www.belleonbev.com\/\"},{\"@type\":\"ListItem\",\"position\":2,\"name\":\"Home\"}]},{\"@type\":\"WebSite\",\"@id\":\"https:\/\/www.belleonbev.com\/#website\",\"url\":\"https:\/\/www.belleonbev.com\/\",\"name\":\"Belle On Bev\",\"description\":\"Where Art Deco meets Modern\",\"publisher\":{\"@id\":\"https:\/\/www.belleonbev.com\/#organization\"},\"potentialAction\":[{\"@type\":\"SearchAction\",\"target\":{\"@type\":\"EntryPoint\",\"urlTemplate\":\"https:\/\/www.belleonbev.com\/?s={search_term_string}\"},\"query-input\":\"required name=search_term_string\"}],\"inLanguage\":\"es\"},{\"@type\":\"Organization\",\"@id\":\"https:\/\/www.belleonbev.com\/#organization\",\"name\":\"Belle On Bev\",\"url\":\"https:\/\/www.belleonbev.com\/\",\"logo\":{\"@type\":\"ImageObject\",\"inLanguage\":\"es\",\"@id\":\"https:\/\/www.belleonbev.com\/#\/schema\/logo\/image\/\",\"url\":\"https:\/\/www.belleonbev.com\/wp-content\/uploads\/2023\/05\/cropped-belle.png\",\"contentUrl\":\"https:\/\/www.belleonbev.com\/wp-content\/uploads\/2023\/05\/cropped-belle.png\",\"width\":114,\"height\":114,\"caption\":\"Belle On Bev\"},\"image\":{\"@id\":\"https:\/\/www.belleonbev.com\/#\/schema\/logo\/image\/\"}}]}<\/script>\n<!-- \/ Yoast SEO plugin. -->","yoast_head_json":{"title":"Apartamentos en Historic Filipinotown, California | Belle on Bev | Inicio","description":"Bienvenido al glamoroso Belle on Bev, nuestros apartamentos en alquiler en el hist\u00f3rico Filipinotown, Los \u00c1ngeles, California, donde lo moderno se fusiona con la decoraci\u00f3n art\u00edstica m\u00e1s elegante. \u00a1Reserve un tour privado ahora!","robots":{"index":"index","follow":"follow","max-snippet":"max-snippet:-1","max-image-preview":"max-image-preview:large","max-video-preview":"max-video-preview:-1"},"canonical":"https:\/\/www.belleonbev.com\/es\/","og_locale":"es_MX","og_type":"article","og_title":"Historic Filipinotown, CA Apartments | Belle on Bev | Home","og_description":"Welcome to the glamorous Belle on Bev, our apartments for rent in Historic Filipinotown, LA, CA, where modern meets stylish art decorations. Book a private tour now!","og_url":"https:\/\/www.belleonbev.com\/es\/","og_site_name":"Belle On Bev","article_modified_time":"2026-01-30T22:44:50+00:00","twitter_card":"summary_large_image","schema":{"@context":"https:\/\/schema.org","@graph":[{"@type":"WebPage","@id":"https:\/\/www.belleonbev.com\/","url":"https:\/\/www.belleonbev.com\/","name":"Apartamentos en Historic Filipinotown, California | Belle on Bev | Inicio","isPartOf":{"@id":"https:\/\/www.belleonbev.com\/#website"},"datePublished":"2023-03-27T08:07:27+00:00","dateModified":"2026-01-30T22:44:50+00:00","description":"Bienvenido al glamoroso Belle on Bev, nuestros apartamentos en alquiler en el hist\u00f3rico Filipinotown, Los \u00c1ngeles, California, donde lo moderno se fusiona con la decoraci\u00f3n art\u00edstica m\u00e1s elegante. \u00a1Reserve un tour privado ahora!","breadcrumb":{"@id":"https:\/\/www.belleonbev.com\/#breadcrumb"},"inLanguage":"es","potentialAction":[{"@type":"ReadAction","target":["https:\/\/www.belleonbev.com\/"]}]},{"@type":"BreadcrumbList","@id":"https:\/\/www.belleonbev.com\/#breadcrumb","itemListElement":[{"@type":"ListItem","position":1,"name":"Home","item":"https:\/\/www.belleonbev.com\/"},{"@type":"ListItem","position":2,"name":"Home"}]},{"@type":"WebSite","@id":"https:\/\/www.belleonbev.com\/#website","url":"https:\/\/www.belleonbev.com\/","name":"Belle en Bev","description":"Donde el Art D\u00e9co se encuentra con lo moderno","publisher":{"@id":"https:\/\/www.belleonbev.com\/#organization"},"potentialAction":[{"@type":"SearchAction","target":{"@type":"EntryPoint","urlTemplate":"https:\/\/www.belleonbev.com\/?s={search_term_string}"},"query-input":"required name=search_term_string"}],"inLanguage":"es"},{"@type":"Organization","@id":"https:\/\/www.belleonbev.com\/#organization","name":"Belle en Bev","url":"https:\/\/www.belleonbev.com\/","logo":{"@type":"ImageObject","inLanguage":"es","@id":"https:\/\/www.belleonbev.com\/#\/schema\/logo\/image\/","url":"https:\/\/www.belleonbev.com\/wp-content\/uploads\/2023\/05\/cropped-belle.png","contentUrl":"https:\/\/www.belleonbev.com\/wp-content\/uploads\/2023\/05\/cropped-belle.png","width":114,"height":114,"caption":"Belle On Bev"},"image":{"@id":"https:\/\/www.belleonbev.com\/#\/schema\/logo\/image\/"}}]}},"_links":{"self":[{"href":"https:\/\/www.belleonbev.com\/es\/wp-json\/wp\/v2\/pages\/9","targetHints":{"allow":["GET"]}}],"collection":[{"href":"https:\/\/www.belleonbev.com\/es\/wp-json\/wp\/v2\/pages"}],"about":[{"href":"https:\/\/www.belleonbev.com\/es\/wp-json\/wp\/v2\/types\/page"}],"author":[{"embeddable":true,"href":"https:\/\/www.belleonbev.com\/es\/wp-json\/wp\/v2\/users\/2"}],"replies":[{"embeddable":true,"href":"https:\/\/www.belleonbev.com\/es\/wp-json\/wp\/v2\/comments?post=9"}],"version-history":[{"count":0,"href":"https:\/\/www.belleonbev.com\/es\/wp-json\/wp\/v2\/pages\/9\/revisions"}],"wp:attachment":[{"href":"https:\/\/www.belleonbev.com\/es\/wp-json\/wp\/v2\/media?parent=9"}],"curies":[{"name":"wp","href":"https:\/\/api.w.org\/{rel}","templated":true}]}}