{"id":581,"date":"2024-04-25T06:52:40","date_gmt":"2024-04-25T13:52:40","guid":{"rendered":"https:\/\/www.belleonbev.com\/disclaimer\/"},"modified":"2024-04-25T07:23:58","modified_gmt":"2024-04-25T14:23:58","slug":"descargo-de-responsabilidad","status":"publish","type":"page","link":"https:\/\/www.belleonbev.com\/es\/descargo-de-responsabilidad\/","title":{"rendered":"Descargo de responsabilidad"},"content":{"rendered":"<!-- Legal document generated by Complianz | GDPR\/CCPA Cookie Consent https:\/\/wordpress.org\/plugins\/complianz-gdpr -->\n<div id=\"cmplz-document\" class=\"cmplz-document disclaimer cmplz-document-all\"><p>Belle on Bev is committed to keeping this website up to date and accurate. Should you nevertheless encounter anything that is incorrect or out of date, we would appreciate it if you could let us know. Please indicate where on the website you read the information. We will then look at this as soon as possible. Please send your response by email to: i&#110;&#102;o&#064;&#098;e&#108;le&#111;&#110;be&#118;&#046;c&#111;m.<\/p><p>No nos responsabilizamos de p\u00e9rdidas derivadas de inexactitudes o informaci\u00f3n incompleta, ni de p\u00e9rdidas derivadas de problemas causados o inherentes a la difusi\u00f3n de informaci\u00f3n a trav\u00e9s de internet, como interrupciones. Al utilizar formularios web, nos esforzamos por limitar al m\u00ednimo el n\u00famero de campos obligatorios. Belle on Bev no se responsabiliza de ninguna p\u00e9rdida derivada del uso de datos, consejos o ideas proporcionados por o en nombre de Belle on Bev a trav\u00e9s de este sitio web.<\/p><p>El uso del sitio web y todos sus componentes (incluidos los foros) est\u00e1 sujeto a <a href=\"https:\/\/www.belleonbev.com\/es\/terminos-y-condiciones\/\" target=\"_blank\">condiciones de uso<\/a>. El mero uso de este sitio web implica el conocimiento y la aceptaci\u00f3n de estas condiciones de uso.<\/p><p>Todos los derechos de propiedad intelectual sobre el contenido de este sitio web pertenecen a Belle on Bev.<\/p><p>No se permite la copia, difusi\u00f3n ni ning\u00fan otro uso de estos materiales sin el permiso por escrito de Belle on Bev, excepto y solo en la medida en que se estipule lo contrario en las reglamentaciones de derecho imperativo (como el derecho de cita), a menos que el contenido espec\u00edfico indique lo contrario.<\/p><p>Si tiene alguna pregunta o problema con la accesibilidad del sitio web, no dude en ponerse en contacto con nosotros.<\/p><\/div>","protected":false},"excerpt":{"rendered":"","protected":false},"author":7,"featured_media":0,"parent":0,"menu_order":0,"comment_status":"closed","ping_status":"closed","template":"standard-content.php","meta":{"inline_featured_image":false},"class_list":["post-581","page","type-page","status-publish","hentry"],"acf":[],"yoast_head":"<!-- This site is optimized with the Yoast SEO plugin v22.5 - https:\/\/yoast.com\/wordpress\/plugins\/seo\/ -->\n<title>Disclaimer - Belle On Bev<\/title>\n<meta name=\"robots\" content=\"index, follow, max-snippet:-1, max-image-preview:large, max-video-preview:-1\" \/>\n<link rel=\"canonical\" href=\"https:\/\/www.belleonbev.com\/es\/descargo-de-responsabilidad\/\" \/>\n<meta property=\"og:locale\" content=\"es_MX\" \/>\n<meta property=\"og:type\" content=\"article\" \/>\n<meta property=\"og:title\" content=\"Disclaimer - Belle On Bev\" \/>\n<meta property=\"og:url\" content=\"https:\/\/www.belleonbev.com\/es\/descargo-de-responsabilidad\/\" \/>\n<meta property=\"og:site_name\" content=\"Belle On Bev\" \/>\n<meta property=\"article:modified_time\" content=\"2024-04-25T14:23:58+00:00\" \/>\n<meta name=\"twitter:card\" content=\"summary_large_image\" \/>\n<script type=\"application\/ld+json\" class=\"yoast-schema-graph\">{\"@context\":\"https:\/\/schema.org\",\"@graph\":[{\"@type\":\"WebPage\",\"@id\":\"https:\/\/www.belleonbev.com\/disclaimer\/\",\"url\":\"https:\/\/www.belleonbev.com\/disclaimer\/\",\"name\":\"Disclaimer - Belle On Bev\",\"isPartOf\":{\"@id\":\"https:\/\/www.belleonbev.com\/#website\"},\"datePublished\":\"2024-04-25T13:52:40+00:00\",\"dateModified\":\"2024-04-25T14:23:58+00:00\",\"breadcrumb\":{\"@id\":\"https:\/\/www.belleonbev.com\/disclaimer\/#breadcrumb\"},\"inLanguage\":\"es\",\"potentialAction\":[{\"@type\":\"ReadAction\",\"target\":[\"https:\/\/www.belleonbev.com\/disclaimer\/\"]}]},{\"@type\":\"BreadcrumbList\",\"@id\":\"https:\/\/www.belleonbev.com\/disclaimer\/#breadcrumb\",\"itemListElement\":[{\"@type\":\"ListItem\",\"position\":1,\"name\":\"Home\",\"item\":\"https:\/\/www.belleonbev.com\/\"},{\"@type\":\"ListItem\",\"position\":2,\"name\":\"Disclaimer\"}]},{\"@type\":\"WebSite\",\"@id\":\"https:\/\/www.belleonbev.com\/#website\",\"url\":\"https:\/\/www.belleonbev.com\/\",\"name\":\"Belle On Bev\",\"description\":\"Where Art Deco meets Modern\",\"publisher\":{\"@id\":\"https:\/\/www.belleonbev.com\/#organization\"},\"potentialAction\":[{\"@type\":\"SearchAction\",\"target\":{\"@type\":\"EntryPoint\",\"urlTemplate\":\"https:\/\/www.belleonbev.com\/?s={search_term_string}\"},\"query-input\":\"required name=search_term_string\"}],\"inLanguage\":\"es\"},{\"@type\":\"Organization\",\"@id\":\"https:\/\/www.belleonbev.com\/#organization\",\"name\":\"Belle On Bev\",\"url\":\"https:\/\/www.belleonbev.com\/\",\"logo\":{\"@type\":\"ImageObject\",\"inLanguage\":\"es\",\"@id\":\"https:\/\/www.belleonbev.com\/#\/schema\/logo\/image\/\",\"url\":\"https:\/\/www.belleonbev.com\/wp-content\/uploads\/2023\/05\/cropped-belle.png\",\"contentUrl\":\"https:\/\/www.belleonbev.com\/wp-content\/uploads\/2023\/05\/cropped-belle.png\",\"width\":114,\"height\":114,\"caption\":\"Belle On Bev\"},\"image\":{\"@id\":\"https:\/\/www.belleonbev.com\/#\/schema\/logo\/image\/\"}}]}<\/script>\n<!-- \/ Yoast SEO plugin. -->","yoast_head_json":{"title":"Descargo de responsabilidad - Belle On Bev","robots":{"index":"index","follow":"follow","max-snippet":"max-snippet:-1","max-image-preview":"max-image-preview:large","max-video-preview":"max-video-preview:-1"},"canonical":"https:\/\/www.belleonbev.com\/es\/descargo-de-responsabilidad\/","og_locale":"es_MX","og_type":"article","og_title":"Disclaimer - Belle On Bev","og_url":"https:\/\/www.belleonbev.com\/es\/descargo-de-responsabilidad\/","og_site_name":"Belle On Bev","article_modified_time":"2024-04-25T14:23:58+00:00","twitter_card":"summary_large_image","schema":{"@context":"https:\/\/schema.org","@graph":[{"@type":"WebPage","@id":"https:\/\/www.belleonbev.com\/disclaimer\/","url":"https:\/\/www.belleonbev.com\/disclaimer\/","name":"Descargo de responsabilidad - Belle On Bev","isPartOf":{"@id":"https:\/\/www.belleonbev.com\/#website"},"datePublished":"2024-04-25T13:52:40+00:00","dateModified":"2024-04-25T14:23:58+00:00","breadcrumb":{"@id":"https:\/\/www.belleonbev.com\/disclaimer\/#breadcrumb"},"inLanguage":"es","potentialAction":[{"@type":"ReadAction","target":["https:\/\/www.belleonbev.com\/disclaimer\/"]}]},{"@type":"BreadcrumbList","@id":"https:\/\/www.belleonbev.com\/disclaimer\/#breadcrumb","itemListElement":[{"@type":"ListItem","position":1,"name":"Home","item":"https:\/\/www.belleonbev.com\/"},{"@type":"ListItem","position":2,"name":"Disclaimer"}]},{"@type":"WebSite","@id":"https:\/\/www.belleonbev.com\/#website","url":"https:\/\/www.belleonbev.com\/","name":"Belle en Bev","description":"Donde el Art D\u00e9co se encuentra con lo moderno","publisher":{"@id":"https:\/\/www.belleonbev.com\/#organization"},"potentialAction":[{"@type":"SearchAction","target":{"@type":"EntryPoint","urlTemplate":"https:\/\/www.belleonbev.com\/?s={search_term_string}"},"query-input":"required name=search_term_string"}],"inLanguage":"es"},{"@type":"Organization","@id":"https:\/\/www.belleonbev.com\/#organization","name":"Belle en Bev","url":"https:\/\/www.belleonbev.com\/","logo":{"@type":"ImageObject","inLanguage":"es","@id":"https:\/\/www.belleonbev.com\/#\/schema\/logo\/image\/","url":"https:\/\/www.belleonbev.com\/wp-content\/uploads\/2023\/05\/cropped-belle.png","contentUrl":"https:\/\/www.belleonbev.com\/wp-content\/uploads\/2023\/05\/cropped-belle.png","width":114,"height":114,"caption":"Belle On Bev"},"image":{"@id":"https:\/\/www.belleonbev.com\/#\/schema\/logo\/image\/"}}]}},"_links":{"self":[{"href":"https:\/\/www.belleonbev.com\/es\/wp-json\/wp\/v2\/pages\/581","targetHints":{"allow":["GET"]}}],"collection":[{"href":"https:\/\/www.belleonbev.com\/es\/wp-json\/wp\/v2\/pages"}],"about":[{"href":"https:\/\/www.belleonbev.com\/es\/wp-json\/wp\/v2\/types\/page"}],"author":[{"embeddable":true,"href":"https:\/\/www.belleonbev.com\/es\/wp-json\/wp\/v2\/users\/7"}],"replies":[{"embeddable":true,"href":"https:\/\/www.belleonbev.com\/es\/wp-json\/wp\/v2\/comments?post=581"}],"version-history":[{"count":0,"href":"https:\/\/www.belleonbev.com\/es\/wp-json\/wp\/v2\/pages\/581\/revisions"}],"wp:attachment":[{"href":"https:\/\/www.belleonbev.com\/es\/wp-json\/wp\/v2\/media?parent=581"}],"curies":[{"name":"wp","href":"https:\/\/api.w.org\/{rel}","templated":true}]}}