{"id":581,"date":"2024-04-25T06:52:40","date_gmt":"2024-04-25T13:52:40","guid":{"rendered":"https:\/\/www.belleonbev.com\/disclaimer\/"},"modified":"2024-04-25T07:23:58","modified_gmt":"2024-04-25T14:23:58","slug":"haftungsausschluss","status":"publish","type":"page","link":"https:\/\/www.belleonbev.com\/de\/haftungsausschluss\/","title":{"rendered":"Haftungsausschluss"},"content":{"rendered":"<!-- Legal document generated by Complianz | GDPR\/CCPA Cookie Consent https:\/\/wordpress.org\/plugins\/complianz-gdpr -->\n<div id=\"cmplz-document\" class=\"cmplz-document disclaimer cmplz-document-all\"><p>Belle on Bev is committed to keeping this website up to date and accurate. Should you nevertheless encounter anything that is incorrect or out of date, we would appreciate it if you could let us know. Please indicate where on the website you read the information. We will then look at this as soon as possible. Please send your response by email to: &#105;&#110;&#102;&#111;&#064;b&#101;l&#108;&#101;&#111;n&#098;&#101;v&#046;&#099;om.<\/p><p>Wir haften nicht f\u00fcr Verluste, die durch Ungenauigkeiten oder Unvollst\u00e4ndigkeit der Informationen entstehen, noch f\u00fcr Verluste, die durch Probleme verursacht werden, die mit der Verbreitung von Informationen \u00fcber das Internet einhergehen, wie z. B. St\u00f6rungen oder Unterbrechungen. Bei der Verwendung von Webformularen bem\u00fchen wir uns, die Anzahl der Pflichtfelder auf ein Minimum zu beschr\u00e4nken. Belle on Bev \u00fcbernimmt keine Haftung f\u00fcr Verluste, die durch die Nutzung von Daten, Ratschl\u00e4gen oder Ideen entstehen, die von oder im Namen von Belle on Bev \u00fcber diese Website bereitgestellt werden.<\/p><p>Die Nutzung der Website und aller ihrer Komponenten (einschlie\u00dflich Foren) unterliegt <a href=\"https:\/\/www.belleonbev.com\/de\/geschaftsbedingungen\/\" target=\"_blank\">Nutzungsbedingungen<\/a>. Die blo\u00dfe Nutzung dieser Website setzt die Kenntnis und Akzeptanz dieser Nutzungsbedingungen voraus.<\/p><p>S\u00e4mtliche Rechte an den Inhalten dieser Website liegen bei Belle on Bev.<\/p><p>Das Kopieren, Verbreiten und jede andere Verwendung dieser Materialien ist ohne die schriftliche Genehmigung von Belle on Bev nicht gestattet, au\u00dfer und nur soweit in zwingenden Rechtsvorschriften etwas anderes festgelegt ist (wie zum Beispiel das Zitatrecht), es sei denn, der jeweilige Inhalt erfordert etwas anderes.<\/p><p>Sollten Sie Fragen oder Probleme bez\u00fcglich der Zug\u00e4nglichkeit der Website haben, z\u00f6gern Sie bitte nicht, uns zu kontaktieren.<\/p><\/div>","protected":false},"excerpt":{"rendered":"","protected":false},"author":7,"featured_media":0,"parent":0,"menu_order":0,"comment_status":"closed","ping_status":"closed","template":"standard-content.php","meta":{"inline_featured_image":false},"class_list":["post-581","page","type-page","status-publish","hentry"],"acf":[],"yoast_head":"<!-- This site is optimized with the Yoast SEO plugin v22.5 - https:\/\/yoast.com\/wordpress\/plugins\/seo\/ -->\n<title>Disclaimer - Belle On Bev<\/title>\n<meta name=\"robots\" content=\"index, follow, max-snippet:-1, max-image-preview:large, max-video-preview:-1\" \/>\n<link rel=\"canonical\" href=\"https:\/\/www.belleonbev.com\/de\/haftungsausschluss\/\" \/>\n<meta property=\"og:locale\" content=\"de_DE\" \/>\n<meta property=\"og:type\" content=\"article\" \/>\n<meta property=\"og:title\" content=\"Disclaimer - Belle On Bev\" \/>\n<meta property=\"og:url\" content=\"https:\/\/www.belleonbev.com\/de\/haftungsausschluss\/\" \/>\n<meta property=\"og:site_name\" content=\"Belle On Bev\" \/>\n<meta property=\"article:modified_time\" content=\"2024-04-25T14:23:58+00:00\" \/>\n<meta name=\"twitter:card\" content=\"summary_large_image\" \/>\n<script type=\"application\/ld+json\" class=\"yoast-schema-graph\">{\"@context\":\"https:\/\/schema.org\",\"@graph\":[{\"@type\":\"WebPage\",\"@id\":\"https:\/\/www.belleonbev.com\/disclaimer\/\",\"url\":\"https:\/\/www.belleonbev.com\/disclaimer\/\",\"name\":\"Disclaimer - Belle On Bev\",\"isPartOf\":{\"@id\":\"https:\/\/www.belleonbev.com\/#website\"},\"datePublished\":\"2024-04-25T13:52:40+00:00\",\"dateModified\":\"2024-04-25T14:23:58+00:00\",\"breadcrumb\":{\"@id\":\"https:\/\/www.belleonbev.com\/disclaimer\/#breadcrumb\"},\"inLanguage\":\"de\",\"potentialAction\":[{\"@type\":\"ReadAction\",\"target\":[\"https:\/\/www.belleonbev.com\/disclaimer\/\"]}]},{\"@type\":\"BreadcrumbList\",\"@id\":\"https:\/\/www.belleonbev.com\/disclaimer\/#breadcrumb\",\"itemListElement\":[{\"@type\":\"ListItem\",\"position\":1,\"name\":\"Home\",\"item\":\"https:\/\/www.belleonbev.com\/\"},{\"@type\":\"ListItem\",\"position\":2,\"name\":\"Disclaimer\"}]},{\"@type\":\"WebSite\",\"@id\":\"https:\/\/www.belleonbev.com\/#website\",\"url\":\"https:\/\/www.belleonbev.com\/\",\"name\":\"Belle On Bev\",\"description\":\"Where Art Deco meets Modern\",\"publisher\":{\"@id\":\"https:\/\/www.belleonbev.com\/#organization\"},\"potentialAction\":[{\"@type\":\"SearchAction\",\"target\":{\"@type\":\"EntryPoint\",\"urlTemplate\":\"https:\/\/www.belleonbev.com\/?s={search_term_string}\"},\"query-input\":\"required name=search_term_string\"}],\"inLanguage\":\"de\"},{\"@type\":\"Organization\",\"@id\":\"https:\/\/www.belleonbev.com\/#organization\",\"name\":\"Belle On Bev\",\"url\":\"https:\/\/www.belleonbev.com\/\",\"logo\":{\"@type\":\"ImageObject\",\"inLanguage\":\"de\",\"@id\":\"https:\/\/www.belleonbev.com\/#\/schema\/logo\/image\/\",\"url\":\"https:\/\/www.belleonbev.com\/wp-content\/uploads\/2023\/05\/cropped-belle.png\",\"contentUrl\":\"https:\/\/www.belleonbev.com\/wp-content\/uploads\/2023\/05\/cropped-belle.png\",\"width\":114,\"height\":114,\"caption\":\"Belle On Bev\"},\"image\":{\"@id\":\"https:\/\/www.belleonbev.com\/#\/schema\/logo\/image\/\"}}]}<\/script>\n<!-- \/ Yoast SEO plugin. -->","yoast_head_json":{"title":"Haftungsausschluss - Belle On Bev","robots":{"index":"index","follow":"follow","max-snippet":"max-snippet:-1","max-image-preview":"max-image-preview:large","max-video-preview":"max-video-preview:-1"},"canonical":"https:\/\/www.belleonbev.com\/de\/haftungsausschluss\/","og_locale":"de_DE","og_type":"article","og_title":"Disclaimer - Belle On Bev","og_url":"https:\/\/www.belleonbev.com\/de\/haftungsausschluss\/","og_site_name":"Belle On Bev","article_modified_time":"2024-04-25T14:23:58+00:00","twitter_card":"summary_large_image","schema":{"@context":"https:\/\/schema.org","@graph":[{"@type":"WebPage","@id":"https:\/\/www.belleonbev.com\/disclaimer\/","url":"https:\/\/www.belleonbev.com\/disclaimer\/","name":"Haftungsausschluss - Belle On Bev","isPartOf":{"@id":"https:\/\/www.belleonbev.com\/#website"},"datePublished":"2024-04-25T13:52:40+00:00","dateModified":"2024-04-25T14:23:58+00:00","breadcrumb":{"@id":"https:\/\/www.belleonbev.com\/disclaimer\/#breadcrumb"},"inLanguage":"de","potentialAction":[{"@type":"ReadAction","target":["https:\/\/www.belleonbev.com\/disclaimer\/"]}]},{"@type":"BreadcrumbList","@id":"https:\/\/www.belleonbev.com\/disclaimer\/#breadcrumb","itemListElement":[{"@type":"ListItem","position":1,"name":"Home","item":"https:\/\/www.belleonbev.com\/"},{"@type":"ListItem","position":2,"name":"Disclaimer"}]},{"@type":"WebSite","@id":"https:\/\/www.belleonbev.com\/#website","url":"https:\/\/www.belleonbev.com\/","name":"Belle On Bev","description":"Wo Art Deco auf Moderne trifft","publisher":{"@id":"https:\/\/www.belleonbev.com\/#organization"},"potentialAction":[{"@type":"SearchAction","target":{"@type":"EntryPoint","urlTemplate":"https:\/\/www.belleonbev.com\/?s={search_term_string}"},"query-input":"required name=search_term_string"}],"inLanguage":"de"},{"@type":"Organization","@id":"https:\/\/www.belleonbev.com\/#organization","name":"Belle On Bev","url":"https:\/\/www.belleonbev.com\/","logo":{"@type":"ImageObject","inLanguage":"de","@id":"https:\/\/www.belleonbev.com\/#\/schema\/logo\/image\/","url":"https:\/\/www.belleonbev.com\/wp-content\/uploads\/2023\/05\/cropped-belle.png","contentUrl":"https:\/\/www.belleonbev.com\/wp-content\/uploads\/2023\/05\/cropped-belle.png","width":114,"height":114,"caption":"Belle On Bev"},"image":{"@id":"https:\/\/www.belleonbev.com\/#\/schema\/logo\/image\/"}}]}},"_links":{"self":[{"href":"https:\/\/www.belleonbev.com\/de\/wp-json\/wp\/v2\/pages\/581","targetHints":{"allow":["GET"]}}],"collection":[{"href":"https:\/\/www.belleonbev.com\/de\/wp-json\/wp\/v2\/pages"}],"about":[{"href":"https:\/\/www.belleonbev.com\/de\/wp-json\/wp\/v2\/types\/page"}],"author":[{"embeddable":true,"href":"https:\/\/www.belleonbev.com\/de\/wp-json\/wp\/v2\/users\/7"}],"replies":[{"embeddable":true,"href":"https:\/\/www.belleonbev.com\/de\/wp-json\/wp\/v2\/comments?post=581"}],"version-history":[{"count":0,"href":"https:\/\/www.belleonbev.com\/de\/wp-json\/wp\/v2\/pages\/581\/revisions"}],"wp:attachment":[{"href":"https:\/\/www.belleonbev.com\/de\/wp-json\/wp\/v2\/media?parent=581"}],"curies":[{"name":"wp","href":"https:\/\/api.w.org\/{rel}","templated":true}]}}