{"id":148,"date":"2023-06-26T06:57:05","date_gmt":"2023-06-26T06:57:05","guid":{"rendered":"https:\/\/www.belleonbev.com\/?page_id=148"},"modified":"2026-01-30T15:02:33","modified_gmt":"2026-01-30T22:02:33","slug":"nachbarschaft","status":"publish","type":"page","link":"https:\/\/www.belleonbev.com\/de\/nachbarschaft\/","title":{"rendered":"Nachbarschaft"},"content":{"rendered":"","protected":false},"excerpt":{"rendered":"","protected":false},"author":2,"featured_media":0,"parent":0,"menu_order":0,"comment_status":"closed","ping_status":"closed","template":"templates\/template-common-flexible.php","meta":{"inline_featured_image":false},"class_list":["post-148","page","type-page","status-publish","hentry"],"acf":[],"yoast_head":"<!-- This site is optimized with the Yoast SEO plugin v22.5 - https:\/\/yoast.com\/wordpress\/plugins\/seo\/ -->\n<title>Apartments near Silverlake in Historic Filipinotown, CA<\/title>\n<meta name=\"description\" content=\"Belle on Bev, our apartments near Dodger&#039;s Stadium, LA, CA, is ideally located for fun hotspots such as Koreatown, Hifi Kitchen, and The Park&#039;s Finest. Check us out!\" \/>\n<meta name=\"robots\" content=\"index, follow, max-snippet:-1, max-image-preview:large, max-video-preview:-1\" \/>\n<link rel=\"canonical\" href=\"https:\/\/www.belleonbev.com\/de\/nachbarschaft\/\" \/>\n<meta property=\"og:locale\" content=\"de_DE\" \/>\n<meta property=\"og:type\" content=\"article\" \/>\n<meta property=\"og:title\" content=\"Apartments near Silverlake in Historic Filipinotown, CA\" \/>\n<meta property=\"og:description\" content=\"Belle on Bev, our apartments near Dodger&#039;s Stadium, LA, CA, is ideally located for fun hotspots such as Koreatown, Hifi Kitchen, and The Park&#039;s Finest. Check us out!\" \/>\n<meta property=\"og:url\" content=\"https:\/\/www.belleonbev.com\/de\/nachbarschaft\/\" \/>\n<meta property=\"og:site_name\" content=\"Belle On Bev\" \/>\n<meta property=\"article:modified_time\" content=\"2026-01-30T22:02:33+00:00\" \/>\n<meta name=\"twitter:card\" content=\"summary_large_image\" \/>\n<script type=\"application\/ld+json\" class=\"yoast-schema-graph\">{\"@context\":\"https:\/\/schema.org\",\"@graph\":[{\"@type\":\"WebPage\",\"@id\":\"https:\/\/www.belleonbev.com\/neighborhood\/\",\"url\":\"https:\/\/www.belleonbev.com\/neighborhood\/\",\"name\":\"Apartments near Silverlake in Historic Filipinotown, CA\",\"isPartOf\":{\"@id\":\"https:\/\/www.belleonbev.com\/#website\"},\"datePublished\":\"2023-06-26T06:57:05+00:00\",\"dateModified\":\"2026-01-30T22:02:33+00:00\",\"description\":\"Belle on Bev, our apartments near Dodger's Stadium, LA, CA, is ideally located for fun hotspots such as Koreatown, Hifi Kitchen, and The Park's Finest. Check us out!\",\"breadcrumb\":{\"@id\":\"https:\/\/www.belleonbev.com\/neighborhood\/#breadcrumb\"},\"inLanguage\":\"de\",\"potentialAction\":[{\"@type\":\"ReadAction\",\"target\":[\"https:\/\/www.belleonbev.com\/neighborhood\/\"]}]},{\"@type\":\"BreadcrumbList\",\"@id\":\"https:\/\/www.belleonbev.com\/neighborhood\/#breadcrumb\",\"itemListElement\":[{\"@type\":\"ListItem\",\"position\":1,\"name\":\"Home\",\"item\":\"https:\/\/www.belleonbev.com\/\"},{\"@type\":\"ListItem\",\"position\":2,\"name\":\"Neighborhood\"}]},{\"@type\":\"WebSite\",\"@id\":\"https:\/\/www.belleonbev.com\/#website\",\"url\":\"https:\/\/www.belleonbev.com\/\",\"name\":\"Belle On Bev\",\"description\":\"Where Art Deco meets Modern\",\"publisher\":{\"@id\":\"https:\/\/www.belleonbev.com\/#organization\"},\"potentialAction\":[{\"@type\":\"SearchAction\",\"target\":{\"@type\":\"EntryPoint\",\"urlTemplate\":\"https:\/\/www.belleonbev.com\/?s={search_term_string}\"},\"query-input\":\"required name=search_term_string\"}],\"inLanguage\":\"de\"},{\"@type\":\"Organization\",\"@id\":\"https:\/\/www.belleonbev.com\/#organization\",\"name\":\"Belle On Bev\",\"url\":\"https:\/\/www.belleonbev.com\/\",\"logo\":{\"@type\":\"ImageObject\",\"inLanguage\":\"de\",\"@id\":\"https:\/\/www.belleonbev.com\/#\/schema\/logo\/image\/\",\"url\":\"https:\/\/www.belleonbev.com\/wp-content\/uploads\/2023\/05\/cropped-belle.png\",\"contentUrl\":\"https:\/\/www.belleonbev.com\/wp-content\/uploads\/2023\/05\/cropped-belle.png\",\"width\":114,\"height\":114,\"caption\":\"Belle On Bev\"},\"image\":{\"@id\":\"https:\/\/www.belleonbev.com\/#\/schema\/logo\/image\/\"}}]}<\/script>\n<!-- \/ Yoast SEO plugin. -->","yoast_head_json":{"title":"Apartments in der N\u00e4he von Silverlake im historischen Filipinotown, Kalifornien","description":"Belle on Bev, unsere Apartments in der N\u00e4he des Dodger Stadiums in Los Angeles, Kalifornien, sind ideal gelegen f\u00fcr angesagte Viertel wie Koreatown, Hifi Kitchen und The Park&#039;s Finest. Schauen Sie doch mal vorbei!","robots":{"index":"index","follow":"follow","max-snippet":"max-snippet:-1","max-image-preview":"max-image-preview:large","max-video-preview":"max-video-preview:-1"},"canonical":"https:\/\/www.belleonbev.com\/de\/nachbarschaft\/","og_locale":"de_DE","og_type":"article","og_title":"Apartments near Silverlake in Historic Filipinotown, CA","og_description":"Belle on Bev, our apartments near Dodger's Stadium, LA, CA, is ideally located for fun hotspots such as Koreatown, Hifi Kitchen, and The Park's Finest. Check us out!","og_url":"https:\/\/www.belleonbev.com\/de\/nachbarschaft\/","og_site_name":"Belle On Bev","article_modified_time":"2026-01-30T22:02:33+00:00","twitter_card":"summary_large_image","schema":{"@context":"https:\/\/schema.org","@graph":[{"@type":"WebPage","@id":"https:\/\/www.belleonbev.com\/neighborhood\/","url":"https:\/\/www.belleonbev.com\/neighborhood\/","name":"Apartments in der N\u00e4he von Silverlake im historischen Filipinotown, Kalifornien","isPartOf":{"@id":"https:\/\/www.belleonbev.com\/#website"},"datePublished":"2023-06-26T06:57:05+00:00","dateModified":"2026-01-30T22:02:33+00:00","description":"Belle on Bev, unsere Apartments in der N\u00e4he des Dodger Stadiums in Los Angeles, Kalifornien, sind ideal gelegen f\u00fcr angesagte Viertel wie Koreatown, Hifi Kitchen und The Park&#039;s Finest. Schauen Sie doch mal vorbei!","breadcrumb":{"@id":"https:\/\/www.belleonbev.com\/neighborhood\/#breadcrumb"},"inLanguage":"de","potentialAction":[{"@type":"ReadAction","target":["https:\/\/www.belleonbev.com\/neighborhood\/"]}]},{"@type":"BreadcrumbList","@id":"https:\/\/www.belleonbev.com\/neighborhood\/#breadcrumb","itemListElement":[{"@type":"ListItem","position":1,"name":"Home","item":"https:\/\/www.belleonbev.com\/"},{"@type":"ListItem","position":2,"name":"Neighborhood"}]},{"@type":"WebSite","@id":"https:\/\/www.belleonbev.com\/#website","url":"https:\/\/www.belleonbev.com\/","name":"Belle On Bev","description":"Wo Art Deco auf Moderne trifft","publisher":{"@id":"https:\/\/www.belleonbev.com\/#organization"},"potentialAction":[{"@type":"SearchAction","target":{"@type":"EntryPoint","urlTemplate":"https:\/\/www.belleonbev.com\/?s={search_term_string}"},"query-input":"required name=search_term_string"}],"inLanguage":"de"},{"@type":"Organization","@id":"https:\/\/www.belleonbev.com\/#organization","name":"Belle On Bev","url":"https:\/\/www.belleonbev.com\/","logo":{"@type":"ImageObject","inLanguage":"de","@id":"https:\/\/www.belleonbev.com\/#\/schema\/logo\/image\/","url":"https:\/\/www.belleonbev.com\/wp-content\/uploads\/2023\/05\/cropped-belle.png","contentUrl":"https:\/\/www.belleonbev.com\/wp-content\/uploads\/2023\/05\/cropped-belle.png","width":114,"height":114,"caption":"Belle On Bev"},"image":{"@id":"https:\/\/www.belleonbev.com\/#\/schema\/logo\/image\/"}}]}},"_links":{"self":[{"href":"https:\/\/www.belleonbev.com\/de\/wp-json\/wp\/v2\/pages\/148","targetHints":{"allow":["GET"]}}],"collection":[{"href":"https:\/\/www.belleonbev.com\/de\/wp-json\/wp\/v2\/pages"}],"about":[{"href":"https:\/\/www.belleonbev.com\/de\/wp-json\/wp\/v2\/types\/page"}],"author":[{"embeddable":true,"href":"https:\/\/www.belleonbev.com\/de\/wp-json\/wp\/v2\/users\/2"}],"replies":[{"embeddable":true,"href":"https:\/\/www.belleonbev.com\/de\/wp-json\/wp\/v2\/comments?post=148"}],"version-history":[{"count":0,"href":"https:\/\/www.belleonbev.com\/de\/wp-json\/wp\/v2\/pages\/148\/revisions"}],"wp:attachment":[{"href":"https:\/\/www.belleonbev.com\/de\/wp-json\/wp\/v2\/media?parent=148"}],"curies":[{"name":"wp","href":"https:\/\/api.w.org\/{rel}","templated":true}]}}